{"id":66,"date":"2017-09-28T11:25:55","date_gmt":"2017-09-28T11:25:55","guid":{"rendered":"http:\/\/wanzel.eu\/?page_id=66"},"modified":"2018-07-06T10:05:05","modified_gmt":"2018-07-06T10:05:05","slug":"beratung","status":"publish","type":"page","link":"https:\/\/wanzel.eu\/?page_id=66","title":{"rendered":"beratung"},"content":{"rendered":"<p>&nbsp;<\/p>\n<h3>Beratung f\u00fcr mittelst\u00e4ndische Unternehmen<\/h3>\n<p>&nbsp;<\/p>\n<p>Mittelst\u00e4ndische Unternehmen in Deutschland finanzieren sich traditionell stark \u00fcber Bankkredite. Die M\u00f6glichkeiten des Kapitalmarktes werden dagegen nach wie vor \u00fcberwiegend von Gro\u00dfunternehmen genutzt. Doch das \u00e4ndert sich, nicht zuletzt durch die Baseler-Beschl\u00fcsse und den damit h\u00f6heren Anforderungen an die Kreditnehmer.<\/p>\n<p>Eine Kapitalmarktfinanzierung setzt trotzdem noch mehr voraus als die klassische Finanzierung \u00fcber die Hausbank. Das Unternehmen muss es einerseits wollen und andererseits ein hohes Ma\u00df an Transparenz erf\u00fcllen, was nur mit einer entsprechenden betrieblichen Organisation m\u00f6glich ist.<\/p>\n<p>Wir helfen Unternehmen kapitalmarktf\u00e4hig\u00a0zu werden und damit ihr nachhaltiges\u00a0Wachstum zu beschleunigen.<\/p>\n<p><a href=\"https:\/\/wanzel.eu\/?page_id=31\">Mehr zu Unternehmensberatung<\/a><\/p>\n<p>&nbsp;<\/p>\n<p>&nbsp;<\/p>\n<h3>Beratung f\u00fcr Start-Ups<\/h3>\n<p>&nbsp;<\/p>\n<p>Der Schwerpunkt unserer T\u00e4tigkeit bei Existenzgr\u00fcndungsvorhaben liegt auch hier auf der Finanzierung. Denn ohne entsprechendes Kapital bleibt Ihre Idee genau das &#8211; nur eine sch\u00f6ne Idee. Unser Ziel ist es, Ihr k\u00fcnftiges Unternehmen zukunftsf\u00e4hig aufzustellen \u2013 nur dann ist es f\u00fcr Kapitalgeber interessant.<\/p>\n<p>Wir begleiten Existenzgr\u00fcnder daher grunds\u00e4tzlich mit Rat und Tat von der Gesch\u00e4ftsidee, \u00fcber die Entwicklung eines tragf\u00e4higen Gesch\u00e4ftsmodells, der Entwicklung von aussagekr\u00e4ftigen Businesspl\u00e4nen und Finanzplanungen, bis hin zur Finanzierung . Damit sind Sie \u00fcber Ihren ganzen Gr\u00fcndungsprozess von der Vorgr\u00fcndungsphase, Gr\u00fcndungsphase und auf Wunsch auch in der Wachstumsphase bestens begleitet.<\/p>\n<p><a href=\"https:\/\/wanzel.eu\/?page_id=33\">Mehr zu Start-Up Beratung<\/a><\/p>\n<p>&nbsp;<\/p>\n","protected":false},"excerpt":{"rendered":"<p>&nbsp; Beratung f\u00fcr mittelst\u00e4ndische Unternehmen &nbsp; Mittelst\u00e4ndische Unternehmen in Deutschland finanzieren sich traditionell stark \u00fcber Bankkredite. Die M\u00f6glichkeiten des Kapitalmarktes werden dagegen nach wie vor \u00fcberwiegend von Gro\u00dfunternehmen genutzt. Doch das \u00e4ndert sich, nicht zuletzt durch die Baseler-Beschl\u00fcsse und den<\/p>\n","protected":false},"author":1,"featured_media":50,"parent":0,"menu_order":3,"comment_status":"closed","ping_status":"closed","template":"","meta":{"footnotes":""},"class_list":["post-66","page","type-page","status-publish","has-post-thumbnail","hentry"],"_links":{"self":[{"href":"https:\/\/wanzel.eu\/index.php?rest_route=\/wp\/v2\/pages\/66","targetHints":{"allow":["GET"]}}],"collection":[{"href":"https:\/\/wanzel.eu\/index.php?rest_route=\/wp\/v2\/pages"}],"about":[{"href":"https:\/\/wanzel.eu\/index.php?rest_route=\/wp\/v2\/types\/page"}],"author":[{"embeddable":true,"href":"https:\/\/wanzel.eu\/index.php?rest_route=\/wp\/v2\/users\/1"}],"replies":[{"embeddable":true,"href":"https:\/\/wanzel.eu\/index.php?rest_route=%2Fwp%2Fv2%2Fcomments&post=66"}],"version-history":[{"count":9,"href":"https:\/\/wanzel.eu\/index.php?rest_route=\/wp\/v2\/pages\/66\/revisions"}],"predecessor-version":[{"id":147,"href":"https:\/\/wanzel.eu\/index.php?rest_route=\/wp\/v2\/pages\/66\/revisions\/147"}],"wp:featuredmedia":[{"embeddable":true,"href":"https:\/\/wanzel.eu\/index.php?rest_route=\/wp\/v2\/media\/50"}],"wp:attachment":[{"href":"https:\/\/wanzel.eu\/index.php?rest_route=%2Fwp%2Fv2%2Fmedia&parent=66"}],"curies":[{"name":"wp","href":"https:\/\/api.w.org\/{rel}","templated":true}]}}