{"id":36,"date":"2017-09-28T08:31:58","date_gmt":"2017-09-28T08:31:58","guid":{"rendered":"http:\/\/wanzel.eu\/?page_id=36"},"modified":"2018-07-06T10:07:06","modified_gmt":"2018-07-06T10:07:06","slug":"coaching","status":"publish","type":"page","link":"https:\/\/wanzel.eu\/?page_id=36","title":{"rendered":"coaching"},"content":{"rendered":"<p>&nbsp;<\/p>\n<h3>Accelerating Excellence in Leadership<\/h3>\n<p>&nbsp;<\/p>\n<p>Nicht nur im unternehmerischen Wettbewerb spielt Ver\u00e4nderungskompetenz\u00a0eine entscheidende Rolle. Unsere Umwelt \u00e4ndert sich kontinuierlich, dynamisch, sprunghaft. Wir leben in einer Zeit des Wandels, alles wird schneller, globaler, digitaler und unvorhersehbarer. Es gibt Spannungen, Widerspr\u00fcche, Konflikte. Gelernte Instrumente versagen, neue Kompetenzen und Qualit\u00e4ten sind gefragt.<\/p>\n<p>F\u00fcr Menschen und Unternehmen gilt es, sich f\u00fcr die Herausforderungen der neuen Zeit optimal zu positionieren. Erfolgskritisch f\u00fcr ein Unternehmens ist, wie\u00a0effektiv sich Mitarbeiter an neue operative und\u00a0strategische Unternehmensziele anpassen.\u00a0Insbesondere die F\u00fchrungskr\u00e4fte gilt es zu motivieren, Ver\u00e4nderungsprozesse zu tragen und zu gestalten. Und nur die F\u00fchrungskr\u00e4fte, die ihre eigene individuellen Pers\u00f6nlichkeit voll entfaltet haben, k\u00f6nnen authentisch F\u00fchren\u00a0und damit erfolgreich Ver\u00e4nderungsprozesse managen.<\/p>\n<p>Dazu haben wir den Intensiv-Workshop &#8222;<a href=\"https:\/\/wanzel.eu\/wp-content\/uploads\/2018\/07\/Brosch\u00fcre-Accelerating-Excellence-in-Leadership.pdf\">Accelerating Excellence in Leadership<\/a>&#8220; entwickelt.<\/p>\n<p>&nbsp;<\/p>\n<p>Wir sehen Selbstreflektion als Grundlage zur Selbstverwirklichung und damit Ausgangspunkt f\u00fcr authentisches F\u00fchren\u00a0und erfolgreiches Management.\u00a0Unsere Ziele und Werte, unsere Leidenschaft und vor allem die Realisierung von individuellem Sinn ist Basis f\u00fcr unsere nachhaltige Leistungsf\u00e4higkeit. Nur die Person, die ihren eigenen Weg geht, kann\u00a0nicht \u00fcberholt werden.<\/p>\n<p>&nbsp;<\/p>\n<p>N\u00e4here Informationen zu unserem Intensiv-Workshop finden Sie hier: <a href=\"https:\/\/wanzel.eu\/wp-content\/uploads\/2018\/07\/Brosch\u00fcre-Accelerating-Excellence-in-Leadership.pdf\">Brosch\u00fcre Accelerating Excellence in Leadership<\/a> . Dieser findet zweimal j\u00e4hrlich, immer im Fr\u00fchjahr und Herbst, statt. Gerne mailen wir Ihnen die aktuellen Termine, die Teilnahmebedingungen und die Anmeldung.<\/p>\n<p>&nbsp;<\/p>\n<p>&nbsp;<\/p>\n","protected":false},"excerpt":{"rendered":"<p>&nbsp; Accelerating Excellence in Leadership &nbsp; Nicht nur im unternehmerischen Wettbewerb spielt Ver\u00e4nderungskompetenz\u00a0eine entscheidende Rolle. Unsere Umwelt \u00e4ndert sich kontinuierlich, dynamisch, sprunghaft. Wir leben in einer Zeit des Wandels, alles wird schneller, globaler, digitaler und unvorhersehbarer. Es gibt Spannungen, Widerspr\u00fcche,<\/p>\n","protected":false},"author":1,"featured_media":57,"parent":0,"menu_order":7,"comment_status":"closed","ping_status":"closed","template":"","meta":{"footnotes":""},"class_list":["post-36","page","type-page","status-publish","has-post-thumbnail","hentry"],"_links":{"self":[{"href":"https:\/\/wanzel.eu\/index.php?rest_route=\/wp\/v2\/pages\/36","targetHints":{"allow":["GET"]}}],"collection":[{"href":"https:\/\/wanzel.eu\/index.php?rest_route=\/wp\/v2\/pages"}],"about":[{"href":"https:\/\/wanzel.eu\/index.php?rest_route=\/wp\/v2\/types\/page"}],"author":[{"embeddable":true,"href":"https:\/\/wanzel.eu\/index.php?rest_route=\/wp\/v2\/users\/1"}],"replies":[{"embeddable":true,"href":"https:\/\/wanzel.eu\/index.php?rest_route=%2Fwp%2Fv2%2Fcomments&post=36"}],"version-history":[{"count":8,"href":"https:\/\/wanzel.eu\/index.php?rest_route=\/wp\/v2\/pages\/36\/revisions"}],"predecessor-version":[{"id":150,"href":"https:\/\/wanzel.eu\/index.php?rest_route=\/wp\/v2\/pages\/36\/revisions\/150"}],"wp:featuredmedia":[{"embeddable":true,"href":"https:\/\/wanzel.eu\/index.php?rest_route=\/wp\/v2\/media\/57"}],"wp:attachment":[{"href":"https:\/\/wanzel.eu\/index.php?rest_route=%2Fwp%2Fv2%2Fmedia&parent=36"}],"curies":[{"name":"wp","href":"https:\/\/api.w.org\/{rel}","templated":true}]}}