{"id":33,"date":"2017-09-28T08:31:37","date_gmt":"2017-09-28T08:31:37","guid":{"rendered":"http:\/\/wanzel.eu\/?page_id=33"},"modified":"2018-07-06T10:06:21","modified_gmt":"2018-07-06T10:06:21","slug":"beratung-start-up","status":"publish","type":"page","link":"https:\/\/wanzel.eu\/?page_id=33","title":{"rendered":"start-ups"},"content":{"rendered":"<p>&nbsp;<\/p>\n<h3>Beratung f\u00fcr Start-Ups<\/h3>\n<p>&nbsp;<\/p>\n<p>Der Schwerpunkt unserer T\u00e4tigkeit bei Existenzgr\u00fcndungsvorhaben liegt auch hier auf der Finanzierung. Denn ohne entsprechendes Kapital bleibt Ihre Idee genau das &#8211; nur eine sch\u00f6ne Idee. Unser Ziel ist es, Ihr k\u00fcnftiges Unternehmen zukunftsf\u00e4hig aufzustellen \u2013 nur dann ist es f\u00fcr Kapitalgeber interessant.<\/p>\n<p>Wir begleiten Existenzgr\u00fcnder daher grunds\u00e4tzlich mit Rat und Tat von der Gesch\u00e4ftsidee, \u00fcber die Entwicklung eines tragf\u00e4higen Gesch\u00e4ftsmodells, der Entwicklung von aussagekr\u00e4ftigen Businesspl\u00e4nen und Finanzplanungen, bis hin zur Finanzierung. Damit sind Sie \u00fcber Ihren ganzen Gr\u00fcndungsprozess von der Vorgr\u00fcndungsphase, Gr\u00fcndungsphase und auf Wunsch auch in der Wachstumsphase bestens begleitet.<\/p>\n<p>Wir bringen unsere eigenen unternehmerischen Erfahrungen ein und sind auch als Business Angel t\u00e4tig. Dabei sind wir nicht auf bestimmte Branchen fokussiert. Grunds\u00e4tzlich sind Sie der Branchenexperte und wir denken branchen\u00fcbergreifend quer und bringen unser Fachwissen als Gr\u00fcndungs- und Finanzierungsspezialisten ein. Selbstverst\u00e4ndlich stellen wir Ihnen bei Bedarf auch unser Netzwerk an Steuerberatern, Rechtsanw\u00e4lten, Agenturen, usw. zur Verf\u00fcgung, begleiten die ersten Gespr\u00e4che und springen ein, wo es n\u00f6tig ist. Grob skizziert gehen Sie mit uns durch diesen Prozess:<\/p>\n<ol>\n<li>Gesch\u00e4ftsidee \u00fcberpr\u00fcfen: Wir lernen Sie kennen und bewerten Ihre Gesch\u00e4ftsidee auf Tragf\u00e4higkeit: Ist Ihre Idee plausibel, sprich hat sie Marktchancen und ist auch realisierbar?<\/li>\n<li>Gesch\u00e4ftsmodell entwickeln: Hier sind wir Impulsgeber und arbeiten mit Ihnen strategisch: Entwickeln Sie mit uns ein wettbewerbsf\u00e4higes Gesch\u00e4ftsmodell mit echten Alleinstellungsmerkmalen.<\/li>\n<li>Businessplan erstellen: Dokumentieren Sie Ihre \u00dcberlegungen zu Markt- und Wettbewerb, Team, Gesch\u00e4ftsmodell, Traction, Financials, usw. in einem Factbook f\u00fcr Banken und Investoren. Wir sind der Sparringspartner, der unangenehme Fragen stellt.<\/li>\n<li>Finanzierung sichern: Wir strukturieren den Kapitalbedarf, erarbeiten gemeinsam einen Pitch, stellen Kontakt zu Eigen- und Fremdkapitalgeber her und begleiten die Finanzierungsrunde.<\/li>\n<\/ol>\n<p>Wir arbeiten gr\u00f6\u00dftenteils erfolgsorientiert \u2013 wenn Sie Ihr ben\u00f6tigtes Kapital bekommen, bekommen wir unser Honorar.<\/p>\n<p>&nbsp;<\/p>\n","protected":false},"excerpt":{"rendered":"<p>&nbsp; Beratung f\u00fcr Start-Ups &nbsp; Der Schwerpunkt unserer T\u00e4tigkeit bei Existenzgr\u00fcndungsvorhaben liegt auch hier auf der Finanzierung. Denn ohne entsprechendes Kapital bleibt Ihre Idee genau das &#8211; nur eine sch\u00f6ne Idee. Unser Ziel ist es, Ihr k\u00fcnftiges Unternehmen zukunftsf\u00e4hig aufzustellen<\/p>\n","protected":false},"author":1,"featured_media":62,"parent":66,"menu_order":5,"comment_status":"closed","ping_status":"closed","template":"","meta":{"footnotes":""},"class_list":["post-33","page","type-page","status-publish","has-post-thumbnail","hentry"],"_links":{"self":[{"href":"https:\/\/wanzel.eu\/index.php?rest_route=\/wp\/v2\/pages\/33","targetHints":{"allow":["GET"]}}],"collection":[{"href":"https:\/\/wanzel.eu\/index.php?rest_route=\/wp\/v2\/pages"}],"about":[{"href":"https:\/\/wanzel.eu\/index.php?rest_route=\/wp\/v2\/types\/page"}],"author":[{"embeddable":true,"href":"https:\/\/wanzel.eu\/index.php?rest_route=\/wp\/v2\/users\/1"}],"replies":[{"embeddable":true,"href":"https:\/\/wanzel.eu\/index.php?rest_route=%2Fwp%2Fv2%2Fcomments&post=33"}],"version-history":[{"count":6,"href":"https:\/\/wanzel.eu\/index.php?rest_route=\/wp\/v2\/pages\/33\/revisions"}],"predecessor-version":[{"id":149,"href":"https:\/\/wanzel.eu\/index.php?rest_route=\/wp\/v2\/pages\/33\/revisions\/149"}],"up":[{"embeddable":true,"href":"https:\/\/wanzel.eu\/index.php?rest_route=\/wp\/v2\/pages\/66"}],"wp:featuredmedia":[{"embeddable":true,"href":"https:\/\/wanzel.eu\/index.php?rest_route=\/wp\/v2\/media\/62"}],"wp:attachment":[{"href":"https:\/\/wanzel.eu\/index.php?rest_route=%2Fwp%2Fv2%2Fmedia&parent=33"}],"curies":[{"name":"wp","href":"https:\/\/api.w.org\/{rel}","templated":true}]}}