{"id":29,"date":"2017-09-28T08:30:22","date_gmt":"2017-09-28T08:30:22","guid":{"rendered":"http:\/\/wanzel.eu\/?page_id=29"},"modified":"2023-07-06T08:02:53","modified_gmt":"2023-07-06T08:02:53","slug":"finanzierung","status":"publish","type":"page","link":"https:\/\/wanzel.eu\/?page_id=29","title":{"rendered":"finanzierung"},"content":{"rendered":"<h3>Corporate und Structured Finance \u2013 Die richtige Finanzierungsstruktur f\u00fcr Ihren Erfolg<\/h3>\n<p>Die Bedeutung einer geeigneten Finanzierungsstruktur f\u00fcr die strategische Unternehmensentwicklung kann nicht untersch\u00e4tzt werden. Basierend auf Ihren unternehmerischen Zielen optimieren wir einerseits Ihre bestehende Finanzierungsstruktur in Bezug auf Laufzeiten, Zinsen, Tilgungen, W\u00e4hrungen und Sicherheiten. Andererseits beraten wir Sie bei der Strukturierung neuer Finanzierungsquellen, sei es durch traditionelle Bankfinanzierungen oder komplexe Kapitalmarkttransaktionen.<\/p>\n<p>Wir sind der \u00dcberzeugung, dass zu jeder Unternehmensstrategie eine passende Finanzierungsstrategie geh\u00f6rt.<\/p>\n<p>Die Anforderungen an die Finanzierung \u00e4ndern sich je nach Situation und Unternehmensphase. Eine aktive Strukturierung ist immer dann gefragt, wenn Akquisitionen, Umstrukturierungen oder Wachstumsinvestitionen nicht aus dem laufenden Cashflow finanziert werden k\u00f6nnen. Der Strukturwandel bei Kreditinstituten, ver\u00e4nderte aufsichtsrechtliche Rahmenbedingungen und das vielf\u00e4ltige Angebot an alternativen Finanzierungsinstrumenten erfordern, dass Unternehmen ihre Finanzierungsstruktur bewusst gestalten. Die Strukturierung des Kapitals ist eine betriebswirtschaftlich sinnvolle Aufgabe, die im Rahmen des gesamten Unternehmens durchgef\u00fchrt werden muss. Dabei m\u00fcssen auch die Erwartungen der Finanzierungspartner ber\u00fccksichtigt werden.<\/p>\n<p>Der zunehmende Wettbewerb sowie der Druck zu Wachstum und Innovation machen die Finanzierung zu einem entscheidenden Faktor f\u00fcr die Unternehmensentwicklung. Sinnvolle alternative Finanzierungskonzepte sind gefragt, um den langfristigen Kapitalbedarf zu decken. Die Vielfalt der Alternativen zum traditionellen Hausbankkredit nimmt stetig zu: Beteiligungskapital wie Private Equity oder Venture Capital, Debt-Fonds als neue Kreditgeber, B\u00f6rseng\u00e4nge, verschiedene Formen von Mezzanine-Kapital, F\u00f6rdermittel, B\u00fcrgschaften, Schuldscheindarlehen oder Unternehmensanleihen \u2013 und nat\u00fcrlich off-Balance-Finanzierungen wie Leasing oder Factoring.<\/p>\n<p>Als unabh\u00e4ngige Berater unterst\u00fctzen wir mittelst\u00e4ndische Unternehmen bei der Entwicklung individueller Finanzierungskonzepte. Unser Ziel ist es, eine bedarfsgerechte und marktkonforme Finanzierungsstruktur zu erarbeiten und in Zusammenarbeit mit dem passenden Finanzierungspartner umzusetzen. Durch die Schaffung eines wettbewerbsf\u00e4higen Prozesses erreichen wir eine optimale Kombination aus Mittelh\u00f6he, Preisgestaltung und Konditionen.<\/p>\n<p>Wir freuen uns darauf, von Ihnen zu h\u00f6ren. Z\u00f6gern Sie nicht, uns zu kontaktieren, um mehr \u00fcber unsere Dienstleistungen im Bereich Corporate und Structured Finance zu erfahren.<\/p>\n","protected":false},"excerpt":{"rendered":"<p>Corporate und Structured Finance \u2013 Die richtige Finanzierungsstruktur f\u00fcr Ihren Erfolg Die Bedeutung einer geeigneten Finanzierungsstruktur f\u00fcr die strategische Unternehmensentwicklung kann nicht untersch\u00e4tzt werden. Basierend auf Ihren unternehmerischen Zielen optimieren wir einerseits Ihre bestehende Finanzierungsstruktur in Bezug auf Laufzeiten, Zinsen,<\/p>\n","protected":false},"author":1,"featured_media":52,"parent":0,"menu_order":2,"comment_status":"closed","ping_status":"closed","template":"","meta":{"footnotes":""},"class_list":["post-29","page","type-page","status-publish","has-post-thumbnail","hentry"],"_links":{"self":[{"href":"https:\/\/wanzel.eu\/index.php?rest_route=\/wp\/v2\/pages\/29","targetHints":{"allow":["GET"]}}],"collection":[{"href":"https:\/\/wanzel.eu\/index.php?rest_route=\/wp\/v2\/pages"}],"about":[{"href":"https:\/\/wanzel.eu\/index.php?rest_route=\/wp\/v2\/types\/page"}],"author":[{"embeddable":true,"href":"https:\/\/wanzel.eu\/index.php?rest_route=\/wp\/v2\/users\/1"}],"replies":[{"embeddable":true,"href":"https:\/\/wanzel.eu\/index.php?rest_route=%2Fwp%2Fv2%2Fcomments&post=29"}],"version-history":[{"count":6,"href":"https:\/\/wanzel.eu\/index.php?rest_route=\/wp\/v2\/pages\/29\/revisions"}],"predecessor-version":[{"id":172,"href":"https:\/\/wanzel.eu\/index.php?rest_route=\/wp\/v2\/pages\/29\/revisions\/172"}],"wp:featuredmedia":[{"embeddable":true,"href":"https:\/\/wanzel.eu\/index.php?rest_route=\/wp\/v2\/media\/52"}],"wp:attachment":[{"href":"https:\/\/wanzel.eu\/index.php?rest_route=%2Fwp%2Fv2%2Fmedia&parent=29"}],"curies":[{"name":"wp","href":"https:\/\/api.w.org\/{rel}","templated":true}]}}